{"id":839,"date":"2013-11-26T04:10:02","date_gmt":"2013-11-26T04:10:02","guid":{"rendered":"http:\/\/wpexplorer-demos.com\/?page_id=839"},"modified":"2021-01-10T02:02:40","modified_gmt":"2021-01-09T23:02:40","slug":"home","status":"publish","type":"page","link":"https:\/\/asenaterlik.com\/","title":{"rendered":"Homepage"},"content":{"rendered":"[vc_row full_width=&#8221;stretch_row_content_no_spaces&#8221; css=&#8221;.vc_custom_1489893861136{padding-bottom: 20px !important;}&#8221;][vc_column][rev_slider_vc alias=&#8221;slider_2&#8243;][\/vc_column][\/vc_row][vc_row full_width=&#8221;stretch_row&#8221; bg_style=&#8221;stretch&#8221; css=&#8221;.vc_custom_1489893877555{border-top-width: 1px !important;border-bottom-width: 1px !important;padding-top: 40px !important;background-color: #f5f5f5 !important;border-top-color: #ededed !important;border-top-style: solid !important;border-bottom-color: #ededed !important;border-bottom-style: solid !important;}&#8221;][vc_column margin_bottom=&#8221;0px&#8221;]<h2 class=\"vcex-module vcex-heading wpex-text-2xl wpex-font-normal wpex-m-auto wpex-max-w-100 vcex-heading-plain wpex-block wpex-text-center vc_custom_1610226099660\" style=\"font-size:32px;font-weight:400;\"><span class=\"vcex-heading-inner wpex-inline-block wpex-clr\">Hakk\u0131m\u0131zda<\/span><\/h2>[vc_column_text text_align=&#8221;center&#8221; font_weight=&#8221;300&#8243; color=&#8221;#777777&#8243; font_size=&#8221;18px&#8221;]\n<p class=\"p1\"><span class=\"s1\">F<\/span><span class=\"s2\">i<\/span><span class=\"s3\">r<\/span><span class=\"s1\">m<\/span>a<span class=\"s1\">m<\/span><span class=\"s2\">\u0131<\/span>z <span class=\"s2\">198<\/span>8 <span class=\"s2\">y\u0131l\u0131n<\/span>da<span class=\"s4\"> \u015f<\/span>a<span class=\"s2\">h\u0131<\/span>s f<span class=\"s2\">i<\/span><span class=\"s3\">r<\/span><span class=\"s1\">m<\/span>as\u0131 <span class=\"s2\">ol<\/span>arak <span class=\"s5\">A<\/span>y<span class=\"s2\">k<\/span>\u00fcsan <span class=\"s6\">\u0130<\/span><span class=\"s2\">z<\/span><span class=\"s1\">m<\/span><span class=\"s2\">i<\/span>r <span class=\"s2\">I<\/span><span class=\"s4\">\u015f<\/span><span class=\"s2\">\u0131k<\/span><span class=\"s7\">k<\/span>e<span class=\"s2\">n<\/span>t <span class=\"s5\">A<\/span><span class=\"s2\">y<\/span>a<span class=\"s2\">kk<\/span>a<span class=\"s2\">b\u0131c\u0131l<\/span>ar <span class=\"s2\">Site<\/span>s<span class=\"s2\">in<\/span>de faa<span class=\"s2\">liyet<\/span>e <span class=\"s2\">b<\/span>a<span class=\"s4\">\u015f<\/span><span class=\"s2\">l<\/span>a<span class=\"s1\">m<\/span><span class=\"s2\">\u0131<\/span><span class=\"s4\">\u015f <\/span><span class=\"s2\">ol<\/span>u<span class=\"s8\">p<\/span>, <span class=\"s2\">200<\/span>7 <span class=\"s2\">y\u0131l\u0131n<\/span>dan <span class=\"s2\">be<\/span>ri <span class=\"s2\">AS<\/span>E<span class=\"s1\">N<\/span>A TERL<span class=\"s6\">\u0130<\/span>K <span class=\"s9\">AY<\/span><span class=\"s2\">A<\/span>KK<span class=\"s2\">A<\/span>BI <span class=\"s2\">SA<\/span><span class=\"s8\">N<\/span>. <span class=\"s2\">V<\/span>E T<span class=\"s6\">\u0130<\/span><span class=\"s10\">C<\/span>. <span class=\"s8\">L<\/span>T<span class=\"s9\">D<\/span>. <span class=\"s6\">\u015e<\/span>T<span class=\"s6\">\u0130<\/span>. <span class=\"s2\">ol<\/span>arak <span class=\"s2\">hiz<\/span><span class=\"s1\">m<\/span><span class=\"s2\">etin<\/span>e d<span class=\"s2\">e<\/span><span class=\"s10\">v<\/span>am <span class=\"s2\">et<\/span><span class=\"s1\">m<\/span><span class=\"s2\">ekte<\/span>d<span class=\"s2\">i<\/span><span class=\"s11\">r<\/span>. <span class=\"s1\">Sekt\u00f6<\/span><span class=\"s2\">r<\/span>\u00fc<span class=\"s1\">n<\/span>de <span class=\"s1\">li<\/span>d<span class=\"s1\">e<\/span>r <span class=\"s1\">bi<\/span>r f<span class=\"s1\">i<\/span><span class=\"s4\">r<\/span><span class=\"s5\">m<\/span>a <span class=\"s1\">ol<\/span><span class=\"s5\">m<\/span>a <span class=\"s6\">y<\/span><span class=\"s1\">ol<\/span>u<span class=\"s1\">n<\/span>da <span class=\"s1\">e<\/span><span class=\"s5\">m<\/span><span class=\"s1\">i<\/span>n ad<span class=\"s1\">\u0131<\/span><span class=\"s5\">m<\/span><span class=\"s1\">l<\/span>ar<span class=\"s1\">l<\/span>a <span class=\"s1\">ile<\/span>r<span class=\"s1\">leye<\/span>n <span class=\"s1\">AS<\/span>E<span class=\"s5\">N<\/span>A TERL<span class=\"s7\">\u0130<\/span>K <span class=\"s8\">AY<\/span><span class=\"s1\">A<\/span>KK<span class=\"s1\">A<\/span>BI <span class=\"s1\">SA<\/span><span class=\"s9\">N<\/span>. <span class=\"s1\">V<\/span>E T<span class=\"s7\">\u0130<\/span><span class=\"s10\">C<\/span>. <span class=\"s9\">L<\/span>T<span class=\"s8\">D<\/span>. <span class=\"s7\">\u015e<\/span>T<span class=\"s7\">\u0130<\/span>. <span class=\"s11\">g<\/span><span class=\"s1\">eli<\/span><span class=\"s3\">\u015f<\/span><span class=\"s1\">e<\/span>n <span class=\"s1\">e<\/span><span class=\"s6\">k<\/span><span class=\"s1\">ono<\/span><span class=\"s5\">m<\/span><span class=\"s1\">i<\/span>k <span class=\"s6\">k<\/span><span class=\"s1\">o<\/span><span class=\"s3\">\u015f<\/span>u<span class=\"s1\">ll<\/span>ara <span class=\"s1\">b<\/span>a<span class=\"s3\">\u011f<\/span><span class=\"s1\">l<\/span>\u0131 <span class=\"s1\">ol<\/span>arak <span class=\"s1\">e<\/span>s<span class=\"s1\">ne<\/span>k <span class=\"s1\">bi<\/span>r <span class=\"s1\">\u00e7<\/span>a<span class=\"s1\">l\u0131<\/span><span class=\"s3\">\u015f<\/span><span class=\"s5\">m<\/span>a <span class=\"s1\">ol<\/span>a<span class=\"s1\">n<\/span>a<span class=\"s3\">\u011f<\/span>\u0131 sa<span class=\"s3\">\u011f<\/span><span class=\"s1\">l<\/span>a<span class=\"s5\">m<\/span>a<span class=\"s1\">kt<\/span>ad<span class=\"s1\">\u0131<\/span><span class=\"s12\">r<\/span>. <span class=\"s1\">\u0130<\/span><span class=\"s2\">\u015f<\/span><span class=\"s3\">i<\/span><span class=\"s4\">m<\/span><span class=\"s3\">iz<\/span><span class=\"s5\">e<\/span>, <span class=\"s3\">m<\/span>\u00fc<span class=\"s2\">\u015f<\/span><span class=\"s3\">te<\/span>r<span class=\"s3\">ile<\/span>r<span class=\"s3\">i<\/span><span class=\"s4\">m<\/span><span class=\"s3\">iz<\/span>e <span class=\"s6\">v<\/span>e <span class=\"s3\">te<\/span>dar<span class=\"s3\">ik\u00e7<\/span>i f<span class=\"s3\">i<\/span><span class=\"s7\">r<\/span><span class=\"s4\">m<\/span>a<span class=\"s3\">l<\/span>ar<span class=\"s3\">\u0131<\/span><span class=\"s4\">m<\/span><span class=\"s3\">\u0131z<\/span>a s<span class=\"s5\">a<\/span><span class=\"s3\">y<\/span>g<span class=\"s3\">\u0131l<\/span>\u0131 <span class=\"s6\">v<\/span>e d\u00fc<span class=\"s8\">r<\/span>\u00fcst <span class=\"s3\">ol<\/span><span class=\"s4\">m<\/span>ak <span class=\"s3\">te<\/span><span class=\"s4\">m<\/span><span class=\"s3\">e<\/span>l <span class=\"s3\">p<\/span>r<span class=\"s3\">en<\/span>s<span class=\"s3\">ibi<\/span><span class=\"s4\">m<\/span><span class=\"s3\">iz<\/span>d<span class=\"s3\">i<\/span><span class=\"s9\">r<\/span>. <span class=\"s3\">\u00c7<\/span>a<span class=\"s3\">l\u0131<\/span><span class=\"s2\">\u015f<\/span><span class=\"s4\">m<\/span>a<span class=\"s3\">l<\/span>ar<span class=\"s3\">\u0131<\/span><span class=\"s4\">m<\/span><span class=\"s3\">\u0131z<\/span>da<span class=\"s3\">k<\/span>i <span class=\"s3\">titizlik<\/span>, s<span class=\"s3\">i<\/span>z d<span class=\"s3\">e<\/span><span class=\"s2\">\u011f<\/span><span class=\"s3\">e<\/span>r<span class=\"s3\">l<\/span>i <span class=\"s3\">m<\/span>\u00fc<span class=\"s2\">\u015f<\/span><span class=\"s3\">te<\/span>r<span class=\"s3\">ile<\/span>r<span class=\"s3\">i<\/span><span class=\"s4\">m<\/span><span class=\"s3\">iz<\/span>e <span class=\"s3\">e<\/span>n <span class=\"s3\">iy<\/span>i <span class=\"s3\">hiz<\/span><span class=\"s4\">m<\/span><span class=\"s3\">et<\/span>i <span class=\"s6\">v<\/span><span class=\"s3\">e<\/span>r<span class=\"s3\">ebil<\/span><span class=\"s4\">m<\/span><span class=\"s3\">e<\/span>k <span class=\"s6\">v<\/span>e su<span class=\"s3\">n<\/span>du<span class=\"s2\">\u011f<\/span>u<span class=\"s3\">m<\/span>uz \u00fc<span class=\"s8\">r<\/span>\u00fc<span class=\"s3\">nle<\/span>rd<span class=\"s3\">e<\/span>n a<span class=\"s3\">z<\/span>a<span class=\"s4\">m<\/span>i f<span class=\"s5\">ay<\/span>d<span class=\"s5\">a<\/span><span class=\"s3\">y<\/span>\u0131 sa<span class=\"s2\">\u011f<\/span><span class=\"s3\">l<\/span><span class=\"s5\">a<\/span><span class=\"s3\">y<\/span>a<span class=\"s3\">bil<\/span><span class=\"s4\">m<\/span><span class=\"s3\">eni<\/span>z <span class=\"s3\">i\u00e7in<\/span>d<span class=\"s3\">i<\/span><span class=\"s9\">r<\/span>.<\/p>\n[\/vc_column_text]<div class=\"vcex-spacing wpex-w-100 wpex-clear\" style=\"height:30px\"><\/div><div class=\"vcex-spacing wpex-w-100 wpex-clear\" style=\"height:20px\"><\/div>[vc_single_image image=&#8221;4824&#8243; alignment=&#8221;center&#8221;][\/vc_column][\/vc_row][vc_row column_spacing=&#8221;40&#8243; bg_style=&#8221;stretch&#8221; css=&#8221;.vc_custom_1489893893676{padding-top: 40px !important;padding-bottom: 10px !important;}&#8221;][vc_column]<h2 class=\"vcex-module vcex-heading wpex-text-2xl wpex-font-normal wpex-m-auto wpex-max-w-100 vcex-heading-plain wpex-block wpex-text-center vc_custom_1610226397607\" style=\"font-size:32px;font-weight:400;\"><span class=\"vcex-heading-inner wpex-inline-block wpex-clr\">Markalar\u0131m\u0131z<\/span><\/h2>[vc_column_text text_align=&#8221;center&#8221; font_weight=&#8221;300&#8243; color=&#8221;#777777&#8243; font_size=&#8221;18px&#8221;]Firmam\u0131z b\u00fcnyesinde kendi 2 markas\u0131n\u0131 bulundurmaktad\u0131r.[\/vc_column_text][\/vc_column][\/vc_row][vc_row column_spacing=&#8221;40&#8243; bg_style=&#8221;stretch&#8221;][vc_column width=&#8221;1\/2&#8243;][vc_single_image image=&#8221;4828&#8243;][\/vc_column][vc_column width=&#8221;1\/2&#8243;][vc_single_image image=&#8221;4829&#8243;][\/vc_column][\/vc_row][vc_row][vc_column][vc_media_grid grid_id=&#8221;vc_gid:1610233191364-1eedd85df6f237e8567909acf47e7505-7&#8243;][\/vc_column][\/vc_row][vc_row][vc_column][vc_separator color=&#8221;black&#8221; border_width=&#8221;3&#8243;]<h2 class=\"vcex-module vcex-heading wpex-text-2xl wpex-font-normal wpex-m-auto wpex-max-w-100 vcex-heading-plain wpex-block wpex-text-center vc_custom_1610228452331\" style=\"font-size:32px;font-weight:400;\"><span class=\"vcex-heading-inner wpex-inline-block wpex-clr\">\u0130leti\u015fim<\/span><\/h2>[vc_separator color=&#8221;black&#8221; border_width=&#8221;3&#8243;][\/vc_column][\/vc_row][vc_row][vc_column][vc_gmaps link=&#8221;#E-8_JTNDaWZyYW1lJTIwc3JjJTNEJTIyaHR0cHMlM0ElMkYlMkZ3d3cuZ29vZ2xlLmNvbSUyRm1hcHMlMkZlbWJlZCUzRnBiJTNEJTIxMW0xOCUyMTFtMTIlMjExbTMlMjExZDMxMjUuNDE4MTc3NDI5NTAyJTIxMmQyNy4yMzk2NDA3MTUxNjQ5NTYlMjEzZDM4LjQzMTgwODc4MTg1ODMzJTIxMm0zJTIxMWYwJTIxMmYwJTIxM2YwJTIxM20yJTIxMWkxMDI0JTIxMmk3NjglMjE0ZjEzLjElMjEzbTMlMjExbTIlMjExczB4MTRiOTYzZDc2NjA5MmJjNSUyNTNBMHg0MTYzYzU5ZWE2MDI4Zjc2JTIxMnNBc2VuYSUyNTIwQXlha2thYiUyNUM0JTI1QjElMjE1ZTAlMjEzbTIlMjExc3RyJTIxMnN0ciUyMTR2MTYxMDIyODQ5MjIxMSUyMTVtMiUyMTFzdHIlMjEyc3RyJTIyJTIwd2lkdGglM0QlMjI2MDAlMjIlMjBoZWlnaHQlM0QlMjI0NTAlMjIlMjBmcmFtZWJvcmRlciUzRCUyMjAlMjIlMjBzdHlsZSUzRCUyMmJvcmRlciUzQTAlM0IlMjIlMjBhbGxvd2Z1bGxzY3JlZW4lM0QlMjIlMjIlMjBhcmlhLWhpZGRlbiUzRCUyMmZhbHNlJTIyJTIwdGFiaW5kZXglM0QlMjIwJTIyJTNFJTNDJTJGaWZyYW1lJTNF&#8221;][vc_separator color=&#8221;black&#8221; border_width=&#8221;3&#8243;][\/vc_column][\/vc_row][vc_row][vc_column width=&#8221;1\/4&#8243;]<div class=\"cq-infoblock cq-infoblock-avapos-left cq-infoblock-bar-float cq-infoblock-avatar-medium cq-infoblock-shape-square  \" style=\"background-image:url();background-color:rgba(255,255,255,0.5);\" data-iconcolor=\"\" data-iconbg=\"\" data-iconhovercolor=\"\" data-iconhoverbg=\"\" data-bghovercolor=\"\" data-barhoverbg=\"\" data-bgcolor=\"rgba(255,255,255,0.5)\" data-barbgcolor=\"\"><div class=\"cq-infoblock-content\" style=\"background-color:rgba(255,255,255,0.5);\"><div class=\"cq-infoblock-textcontainer\"><span class=\"cq-infoblock-iconarea\" style=\"background-color:;background-image:url()\"><i class=\"cq-infoblock-icon entypo-icon entypo-icon-mail\" style=\"color:;\"><\/i><\/span><div class=\"cq-infoblock-text\"><h4 class=\"cq-infoblock-title\" style=\"font-size:;color:#1e73be\">muhasebe@asenaterlik.com<\/h4><\/div><\/div> <\/div><\/div>[\/vc_column][vc_column width=&#8221;1\/4&#8243;][\/vc_column][vc_column width=&#8221;1\/4&#8243;]<div class=\"cq-infoblock cq-infoblock-avapos-left cq-infoblock-bar-float cq-infoblock-avatar-medium cq-infoblock-shape-square  \" style=\"background-image:url();background-color:rgba(255,255,255,0.5);\" data-iconcolor=\"\" data-iconbg=\"\" data-iconhovercolor=\"\" data-iconhoverbg=\"\" data-bghovercolor=\"\" data-barhoverbg=\"\" data-bgcolor=\"rgba(255,255,255,0.5)\" data-barbgcolor=\"\"><div class=\"cq-infoblock-content\" style=\"background-color:rgba(255,255,255,0.5);\"><div class=\"cq-infoblock-textcontainer\"><span class=\"cq-infoblock-iconarea\" style=\"background-color:;background-image:url()\"><i class=\"cq-infoblock-icon fas fa-phone-alt\" style=\"color:;\"><\/i><\/span><div class=\"cq-infoblock-text\"><h4 class=\"cq-infoblock-title\" style=\"font-size:;color:#1e73be\">+90 (232) 436 45 49<\/h4><\/div><\/div> <\/div><\/div>[\/vc_column][vc_column width=&#8221;1\/4&#8243;]<div class=\"cq-infoblock cq-infoblock-avapos-left cq-infoblock-bar-float cq-infoblock-avatar-medium cq-infoblock-shape-square  \" style=\"background-image:url();background-color:rgba(255,255,255,0.5);\" data-iconcolor=\"\" data-iconbg=\"\" data-iconhovercolor=\"\" data-iconhoverbg=\"\" data-bghovercolor=\"\" data-barhoverbg=\"\" data-bgcolor=\"rgba(255,255,255,0.5)\" data-barbgcolor=\"\"><div class=\"cq-infoblock-content\" style=\"background-color:rgba(255,255,255,0.5);\"><div class=\"cq-infoblock-textcontainer\"><span class=\"cq-infoblock-iconarea\" style=\"background-color:;background-image:url()\"><i class=\"cq-infoblock-icon fas fa-map-marker-alt\" style=\"color:;\"><\/i><\/span><div class=\"cq-infoblock-text\"><h4 class=\"cq-infoblock-title\" style=\"font-size:;color:#1e73be\">6146\/7 Sok. No:5 Bornova,\u0130zmir<\/h4><\/div><\/div> <\/div><\/div>[\/vc_column][\/vc_row][vc_row][vc_column][\/vc_column][\/vc_row]\n","protected":false},"excerpt":{"rendered":"<p>[vc_row full_width=&#8221;stretch_row_content_no_spaces&#8221; css=&#8221;.vc_custom_1489893861136{padding-bottom: 20px !important;}&#8221;][vc_column][rev_slider_vc alias=&#8221;slider_2&#8243;][\/vc_column][\/vc_row][vc_row full_width=&#8221;stretch_row&#8221; bg_style=&#8221;stretch&#8221; css=&#8221;.vc_custom_1489893877555{border-top-width: 1px !important;border-bottom-width: 1px !important;padding-top: 40px !important;background-color: #f5f5f5 !important;border-top-color: #ededed !important;border-top-style: solid !important;border-bottom-color: #ededed !important;border-bottom-style: solid !important;}&#8221;][vc_column margin_bottom=&#8221;0px&#8221;][vc_column_text text_align=&#8221;center&#8221; font_weight=&#8221;300&#8243; color=&#8221;#777777&#8243; font_size=&#8221;18px&#8221;] Firmam\u0131z 1988 y\u0131l\u0131nda \u015fah\u0131s firmas\u0131 olarak Ayk\u00fcsan \u0130zmir I\u015f\u0131kkent Ayakkab\u0131c\u0131lar&hellip;<\/p>\n","protected":false},"author":1,"featured_media":0,"parent":0,"menu_order":0,"comment_status":"closed","ping_status":"closed","template":"","meta":{"footnotes":""},"class_list":["post-839","page","type-page","status-publish","hentry","entry","no-media"],"_links":{"self":[{"href":"https:\/\/asenaterlik.com\/index.php?rest_route=\/wp\/v2\/pages\/839","targetHints":{"allow":["GET"]}}],"collection":[{"href":"https:\/\/asenaterlik.com\/index.php?rest_route=\/wp\/v2\/pages"}],"about":[{"href":"https:\/\/asenaterlik.com\/index.php?rest_route=\/wp\/v2\/types\/page"}],"author":[{"embeddable":true,"href":"https:\/\/asenaterlik.com\/index.php?rest_route=\/wp\/v2\/users\/1"}],"replies":[{"embeddable":true,"href":"https:\/\/asenaterlik.com\/index.php?rest_route=%2Fwp%2Fv2%2Fcomments&post=839"}],"version-history":[{"count":19,"href":"https:\/\/asenaterlik.com\/index.php?rest_route=\/wp\/v2\/pages\/839\/revisions"}],"predecessor-version":[{"id":4871,"href":"https:\/\/asenaterlik.com\/index.php?rest_route=\/wp\/v2\/pages\/839\/revisions\/4871"}],"wp:attachment":[{"href":"https:\/\/asenaterlik.com\/index.php?rest_route=%2Fwp%2Fv2%2Fmedia&parent=839"}],"curies":[{"name":"wp","href":"https:\/\/api.w.org\/{rel}","templated":true}]}}